{"id":261,"date":"2024-02-26T17:05:16","date_gmt":"2024-02-26T16:05:16","guid":{"rendered":"https:\/\/ajuprec.org\/?page_id=261"},"modified":"2024-02-28T02:33:30","modified_gmt":"2024-02-28T01:33:30","slug":"quienes-somos","status":"publish","type":"page","link":"https:\/\/ajuprec.org\/index.php\/quienes-somos\/","title":{"rendered":"Qui\u00e9nes Somos"},"content":{"rendered":"\t\t<div data-elementor-type=\"wp-page\" data-elementor-id=\"261\" class=\"elementor elementor-261\">\n\t\t\t\t<div class=\"elementor-element elementor-element-59fa2c1 e-con-full e-flex e-con e-parent\" data-id=\"59fa2c1\" data-element_type=\"container\" data-settings=\"{&quot;content_width&quot;:&quot;full&quot;,&quot;background_background&quot;:&quot;classic&quot;}\" data-core-v316-plus=\"true\">\n\t\t\t\t<\/div>\n\t\t<div class=\"elementor-element elementor-element-8bce2c3 e-flex e-con-boxed e-con e-parent\" data-id=\"8bce2c3\" data-element_type=\"container\" data-settings=\"{&quot;content_width&quot;:&quot;boxed&quot;}\" data-core-v316-plus=\"true\">\n\t\t\t\t\t<div class=\"e-con-inner\">\n\t\t\t\t<div class=\"elementor-element elementor-element-df33b80 elementor-widget elementor-widget-heading\" data-id=\"df33b80\" data-element_type=\"widget\" data-widget_type=\"heading.default\">\n\t\t\t\t<div class=\"elementor-widget-container\">\n\t\t\t<style>\/*! elementor - v3.19.0 - 28-02-2024 *\/\n.elementor-heading-title{padding:0;margin:0;line-height:1}.elementor-widget-heading .elementor-heading-title[class*=elementor-size-]>a{color:inherit;font-size:inherit;line-height:inherit}.elementor-widget-heading .elementor-heading-title.elementor-size-small{font-size:15px}.elementor-widget-heading .elementor-heading-title.elementor-size-medium{font-size:19px}.elementor-widget-heading .elementor-heading-title.elementor-size-large{font-size:29px}.elementor-widget-heading .elementor-heading-title.elementor-size-xl{font-size:39px}.elementor-widget-heading .elementor-heading-title.elementor-size-xxl{font-size:59px}<\/style><h2 class=\"elementor-heading-title elementor-size-default\">Qui\u00e9nes Somos<\/h2>\t\t<\/div>\n\t\t\t\t<\/div>\n\t\t\t\t<div class=\"elementor-element elementor-element-28d8cda elementor-widget elementor-widget-text-editor\" data-id=\"28d8cda\" data-element_type=\"widget\" data-widget_type=\"text-editor.default\">\n\t\t\t\t<div class=\"elementor-widget-container\">\n\t\t\t<style>\/*! elementor - v3.19.0 - 28-02-2024 *\/\n.elementor-widget-text-editor.elementor-drop-cap-view-stacked .elementor-drop-cap{background-color:#69727d;color:#fff}.elementor-widget-text-editor.elementor-drop-cap-view-framed .elementor-drop-cap{color:#69727d;border:3px solid;background-color:transparent}.elementor-widget-text-editor:not(.elementor-drop-cap-view-default) .elementor-drop-cap{margin-top:8px}.elementor-widget-text-editor:not(.elementor-drop-cap-view-default) .elementor-drop-cap-letter{width:1em;height:1em}.elementor-widget-text-editor .elementor-drop-cap{float:left;text-align:center;line-height:1;font-size:50px}.elementor-widget-text-editor .elementor-drop-cap-letter{display:inline-block}<\/style>\t\t\t\t<p>Sociedad sin fines de lucro dedicada a ayudar a pacientes diab\u00e9ticos, hipertensos, dislipid\u00e9micos, con insuficiencia vascular perif\u00e9rica y sus secuelas. Nuestro objetivo principal es mejorar la calidad de vida de la poblaci\u00f3n de Col\u00f3n que se encuentra afectada por estas enfermedades cr\u00f3nicas no transmisibles que representan un riesgo para la salud inminente.<\/p>\n<p><strong>Nuestro compromiso con la comunidad de Panam\u00e1 y Col\u00f3n<\/strong><\/p>\n<p>En nuestra sociedad sin fines de lucro, nos hemos comprometido a brindar apoyo y asistencia a los pacientes que sufren de estas enfermedades cr\u00f3nicas no transmisibles y a sus secuelas. Nuestro enfoque principal es mejorar su calidad de vida y ayudarles a gestionar su condici\u00f3n de manera efectiva.<\/p>\n<p><strong>Programas y servicios que ofrecemos<\/strong><\/p>\n<p>Para lograr nuestro objetivo, ofrecemos una variedad de programas y servicios dise\u00f1ados espec\u00edficamente para satisfacer las necesidades de los pacientes con enfermedades cr\u00f3nicas no transmisibles. Algunos de ellos incluyen:<\/p>\n<ul>\n<li>Asesoramiento y educaci\u00f3n sobre el manejo de la enfermedad<\/li>\n<li>Apoyo emocional y psicol\u00f3gico<\/li>\n<li>Acceso a medicamentos y tratamientos<\/li>\n<li>Actividades f\u00edsicas y programas de ejercicio<\/li>\n<li>Asistencia en la adopci\u00f3n de h\u00e1bitos de vida saludables<\/li>\n<li>Colaboraci\u00f3n con profesionales de la salud<\/li>\n<\/ul>\n<p>Trabajamos en estrecha colaboraci\u00f3n con profesionales de la salud, como m\u00e9dicos, enfermeras y nutricionistas, para garantizar que nuestros programas y servicios sean efectivos y est\u00e9n respaldados por la evidencia cient\u00edfica. Adem\u00e1s, organizamos charlas y talleres en los que expertos en el campo comparten su conocimiento y brindan consejos pr\u00e1cticos a los pacientes y sus familias.<\/p>\n<div>&nbsp;<\/div>\t\t\t\t\t\t<\/div>\n\t\t\t\t<\/div>\n\t\t\t\t\t<\/div>\n\t\t\t\t<\/div>\n\t\t\t\t<\/div>\n\t\t","protected":false},"excerpt":{"rendered":"<p>Qui\u00e9nes Somos Sociedad sin fines de lucro dedicada a ayudar a pacientes diab\u00e9ticos, hipertensos, dislipid\u00e9micos, con insuficiencia vascular perif\u00e9rica y sus secuelas. Nuestro objetivo principal es mejorar la calidad de vida de la poblaci\u00f3n de Col\u00f3n que se encuentra afectada por estas enfermedades cr\u00f3nicas no transmisibles que representan un riesgo para la salud inminente. Nuestro&#8230;<\/p>\n","protected":false},"author":2,"featured_media":0,"parent":0,"menu_order":0,"comment_status":"closed","ping_status":"closed","template":"","meta":{"_kad_post_transparent":"","_kad_post_title":"hide","_kad_post_layout":"fullwidth","_kad_post_sidebar_id":"","_kad_post_content_style":"unboxed","_kad_post_vertical_padding":"hide","_kad_post_feature":"hide","_kad_post_feature_position":"","_kad_post_header":false,"_kad_post_footer":false,"footnotes":""},"_links":{"self":[{"href":"https:\/\/ajuprec.org\/index.php\/wp-json\/wp\/v2\/pages\/261"}],"collection":[{"href":"https:\/\/ajuprec.org\/index.php\/wp-json\/wp\/v2\/pages"}],"about":[{"href":"https:\/\/ajuprec.org\/index.php\/wp-json\/wp\/v2\/types\/page"}],"author":[{"embeddable":true,"href":"https:\/\/ajuprec.org\/index.php\/wp-json\/wp\/v2\/users\/2"}],"replies":[{"embeddable":true,"href":"https:\/\/ajuprec.org\/index.php\/wp-json\/wp\/v2\/comments?post=261"}],"version-history":[{"count":31,"href":"https:\/\/ajuprec.org\/index.php\/wp-json\/wp\/v2\/pages\/261\/revisions"}],"predecessor-version":[{"id":303,"href":"https:\/\/ajuprec.org\/index.php\/wp-json\/wp\/v2\/pages\/261\/revisions\/303"}],"wp:attachment":[{"href":"https:\/\/ajuprec.org\/index.php\/wp-json\/wp\/v2\/media?parent=261"}],"curies":[{"name":"wp","href":"https:\/\/api.w.org\/{rel}","templated":true}]}}