{"id":292,"date":"2024-02-26T17:28:39","date_gmt":"2024-02-26T16:28:39","guid":{"rendered":"https:\/\/ajuprec.org\/?page_id=292"},"modified":"2024-02-26T17:29:20","modified_gmt":"2024-02-26T16:29:20","slug":"voluntariado","status":"publish","type":"page","link":"https:\/\/ajuprec.org\/index.php\/voluntariado\/","title":{"rendered":"Voluntariado"},"content":{"rendered":"\t\t<div data-elementor-type=\"wp-page\" data-elementor-id=\"292\" class=\"elementor elementor-292\">\n\t\t\t\t<div class=\"elementor-element elementor-element-59fa2c1 e-con-full e-flex e-con e-parent\" data-id=\"59fa2c1\" data-element_type=\"container\" data-settings=\"{&quot;content_width&quot;:&quot;full&quot;,&quot;background_background&quot;:&quot;classic&quot;}\" data-core-v316-plus=\"true\">\n\t\t\t\t<\/div>\n\t\t<div class=\"elementor-element elementor-element-8bce2c3 e-flex e-con-boxed e-con e-parent\" data-id=\"8bce2c3\" data-element_type=\"container\" data-settings=\"{&quot;content_width&quot;:&quot;boxed&quot;}\" data-core-v316-plus=\"true\">\n\t\t\t\t\t<div class=\"e-con-inner\">\n\t\t\t\t<div class=\"elementor-element elementor-element-df33b80 elementor-widget elementor-widget-heading\" data-id=\"df33b80\" data-element_type=\"widget\" data-widget_type=\"heading.default\">\n\t\t\t\t<div class=\"elementor-widget-container\">\n\t\t\t<style>\/*! elementor - v3.19.0 - 28-02-2024 *\/\n.elementor-heading-title{padding:0;margin:0;line-height:1}.elementor-widget-heading .elementor-heading-title[class*=elementor-size-]>a{color:inherit;font-size:inherit;line-height:inherit}.elementor-widget-heading .elementor-heading-title.elementor-size-small{font-size:15px}.elementor-widget-heading .elementor-heading-title.elementor-size-medium{font-size:19px}.elementor-widget-heading .elementor-heading-title.elementor-size-large{font-size:29px}.elementor-widget-heading .elementor-heading-title.elementor-size-xl{font-size:39px}.elementor-widget-heading .elementor-heading-title.elementor-size-xxl{font-size:59px}<\/style><h2 class=\"elementor-heading-title elementor-size-default\">Voluntariado<\/h2>\t\t<\/div>\n\t\t\t\t<\/div>\n\t\t\t\t<div class=\"elementor-element elementor-element-28d8cda elementor-widget elementor-widget-text-editor\" data-id=\"28d8cda\" data-element_type=\"widget\" data-widget_type=\"text-editor.default\">\n\t\t\t\t<div class=\"elementor-widget-container\">\n\t\t\t<style>\/*! elementor - v3.19.0 - 28-02-2024 *\/\n.elementor-widget-text-editor.elementor-drop-cap-view-stacked .elementor-drop-cap{background-color:#69727d;color:#fff}.elementor-widget-text-editor.elementor-drop-cap-view-framed .elementor-drop-cap{color:#69727d;border:3px solid;background-color:transparent}.elementor-widget-text-editor:not(.elementor-drop-cap-view-default) .elementor-drop-cap{margin-top:8px}.elementor-widget-text-editor:not(.elementor-drop-cap-view-default) .elementor-drop-cap-letter{width:1em;height:1em}.elementor-widget-text-editor .elementor-drop-cap{float:left;text-align:center;line-height:1;font-size:50px}.elementor-widget-text-editor .elementor-drop-cap-letter{display:inline-block}<\/style>\t\t\t\t<p>T\u00fa tambi\u00e9n puedes formar parte de nuestra sociedad sin fines de lucro y contribuir a mejorar la calidad de vida de la poblaci\u00f3n de Col\u00f3n afectada por enfermedades cr\u00f3nicas no transmisibles. Puedes colaborar de las siguientes maneras:<\/p><p>Voluntariado: Ofreciendo tu tiempo y habilidades para ayudar a los pacientes y participar en nuestras actividades.<br \/>Donaciones: Contribuyendo econ\u00f3micamente para apoyar nuestros programas y servicios.<br \/>Difusi\u00f3n: Compartiendo informaci\u00f3n sobre nuestra sociedad y promoviendo la conciencia sobre las enfermedades cr\u00f3nicas no transmisibles.<\/p><p>Juntos, podemos marcar la diferencia en la vida de las personas afectadas por estas enfermedades cr\u00f3nicas no transmisibles. \u00danete a nosotros y ay\u00fadanos a mejorar la calidad de vida de la poblaci\u00f3n de Col\u00f3n.<\/p>\t\t\t\t\t\t<\/div>\n\t\t\t\t<\/div>\n\t\t\t\t\t<\/div>\n\t\t\t\t<\/div>\n\t\t\t\t<\/div>\n\t\t","protected":false},"excerpt":{"rendered":"<p>Voluntariado T\u00fa tambi\u00e9n puedes formar parte de nuestra sociedad sin fines de lucro y contribuir a mejorar la calidad de vida de la poblaci\u00f3n de Col\u00f3n afectada por enfermedades cr\u00f3nicas no transmisibles. Puedes colaborar de las siguientes maneras: Voluntariado: Ofreciendo tu tiempo y habilidades para ayudar a los pacientes y participar en nuestras actividades.Donaciones: Contribuyendo&#8230;<\/p>\n","protected":false},"author":2,"featured_media":0,"parent":0,"menu_order":0,"comment_status":"closed","ping_status":"closed","template":"","meta":{"_kad_post_transparent":"","_kad_post_title":"hide","_kad_post_layout":"fullwidth","_kad_post_sidebar_id":"","_kad_post_content_style":"unboxed","_kad_post_vertical_padding":"hide","_kad_post_feature":"hide","_kad_post_feature_position":"","_kad_post_header":false,"_kad_post_footer":false,"footnotes":""},"_links":{"self":[{"href":"https:\/\/ajuprec.org\/index.php\/wp-json\/wp\/v2\/pages\/292"}],"collection":[{"href":"https:\/\/ajuprec.org\/index.php\/wp-json\/wp\/v2\/pages"}],"about":[{"href":"https:\/\/ajuprec.org\/index.php\/wp-json\/wp\/v2\/types\/page"}],"author":[{"embeddable":true,"href":"https:\/\/ajuprec.org\/index.php\/wp-json\/wp\/v2\/users\/2"}],"replies":[{"embeddable":true,"href":"https:\/\/ajuprec.org\/index.php\/wp-json\/wp\/v2\/comments?post=292"}],"version-history":[{"count":4,"href":"https:\/\/ajuprec.org\/index.php\/wp-json\/wp\/v2\/pages\/292\/revisions"}],"predecessor-version":[{"id":296,"href":"https:\/\/ajuprec.org\/index.php\/wp-json\/wp\/v2\/pages\/292\/revisions\/296"}],"wp:attachment":[{"href":"https:\/\/ajuprec.org\/index.php\/wp-json\/wp\/v2\/media?parent=292"}],"curies":[{"name":"wp","href":"https:\/\/api.w.org\/{rel}","templated":true}]}}