{"id":430,"date":"2024-03-21T16:16:23","date_gmt":"2024-03-21T15:16:23","guid":{"rendered":"https:\/\/ajuprec.org\/?page_id=430"},"modified":"2024-03-21T17:16:09","modified_gmt":"2024-03-21T16:16:09","slug":"hipertension-arterial","status":"publish","type":"page","link":"https:\/\/ajuprec.org\/index.php\/hipertension-arterial\/","title":{"rendered":"Hipertensi\u00f3n Arterial"},"content":{"rendered":"\t\t<div data-elementor-type=\"wp-page\" data-elementor-id=\"430\" class=\"elementor elementor-430\">\n\t\t\t\t<div class=\"elementor-element elementor-element-59fa2c1 e-con-full e-flex e-con e-parent\" data-id=\"59fa2c1\" data-element_type=\"container\" data-settings=\"{&quot;content_width&quot;:&quot;full&quot;,&quot;background_background&quot;:&quot;classic&quot;}\" data-core-v316-plus=\"true\">\n\t\t\t\t<\/div>\n\t\t<div class=\"elementor-element elementor-element-8bce2c3 e-con-full e-flex e-con e-parent\" data-id=\"8bce2c3\" data-element_type=\"container\" data-settings=\"{&quot;content_width&quot;:&quot;full&quot;}\" data-core-v316-plus=\"true\">\n\t\t\t\t<div class=\"elementor-element elementor-element-df33b80 elementor-widget elementor-widget-heading\" data-id=\"df33b80\" data-element_type=\"widget\" data-widget_type=\"heading.default\">\n\t\t\t\t<div class=\"elementor-widget-container\">\n\t\t\t<style>\/*! elementor - v3.19.0 - 28-02-2024 *\/\n.elementor-heading-title{padding:0;margin:0;line-height:1}.elementor-widget-heading .elementor-heading-title[class*=elementor-size-]>a{color:inherit;font-size:inherit;line-height:inherit}.elementor-widget-heading .elementor-heading-title.elementor-size-small{font-size:15px}.elementor-widget-heading .elementor-heading-title.elementor-size-medium{font-size:19px}.elementor-widget-heading .elementor-heading-title.elementor-size-large{font-size:29px}.elementor-widget-heading .elementor-heading-title.elementor-size-xl{font-size:39px}.elementor-widget-heading .elementor-heading-title.elementor-size-xxl{font-size:59px}<\/style><h2 class=\"elementor-heading-title elementor-size-default\">Hipertensi\u00f3n Arterial<\/h2>\t\t<\/div>\n\t\t\t\t<\/div>\n\t\t\t\t<div class=\"elementor-element elementor-element-28d8cda elementor-widget elementor-widget-text-editor\" data-id=\"28d8cda\" data-element_type=\"widget\" data-widget_type=\"text-editor.default\">\n\t\t\t\t<div class=\"elementor-widget-container\">\n\t\t\t<style>\/*! elementor - v3.19.0 - 28-02-2024 *\/\n.elementor-widget-text-editor.elementor-drop-cap-view-stacked .elementor-drop-cap{background-color:#69727d;color:#fff}.elementor-widget-text-editor.elementor-drop-cap-view-framed .elementor-drop-cap{color:#69727d;border:3px solid;background-color:transparent}.elementor-widget-text-editor:not(.elementor-drop-cap-view-default) .elementor-drop-cap{margin-top:8px}.elementor-widget-text-editor:not(.elementor-drop-cap-view-default) .elementor-drop-cap-letter{width:1em;height:1em}.elementor-widget-text-editor .elementor-drop-cap{float:left;text-align:center;line-height:1;font-size:50px}.elementor-widget-text-editor .elementor-drop-cap-letter{display:inline-block}<\/style>\t\t\t\t<p>La hipertensi\u00f3n es el principal factor de riesgo para sufrir una enfermedad cardiovascular. Cada a\u00f1o ocurren\u00a01.6 millones de muertes por enfermedades cardiovasculares en la regi\u00f3n de las Am\u00e9ricas, de las cuales alrededor de medio mill\u00f3n son personas menores de 70 a\u00f1os, lo cual se considera una muerte prematura y evitable. La\u00a0hipertensi\u00f3n afecta entre el 20-40% de la poblaci\u00f3n adulta de la regi\u00f3n\u00a0y significa que en las Am\u00e9ricas alrededor de 250 millones de personas padecen de presi\u00f3n alta. La hipertensi\u00f3n es prevenible o puede ser pospuesta a trav\u00e9s de un grupo de intervenciones preventivas, entre las que se destacan la\u00a0disminuci\u00f3n del consumo de sal, una dieta rica en frutas y verduras, el\u00a0ejercicio f\u00edsico\u00a0y el mantenimiento de un peso corporal saludable. La OPS impulsa pol\u00edticas y proyectos para incidir desde la salud p\u00fablica, la prevenci\u00f3n de la hipertensi\u00f3n arterial a trav\u00e9s de pol\u00edticas para\u00a0disminuir el consumo de sal, para promover la alimentaci\u00f3n saludable, la\u00a0actividad f\u00edsica\u00a0y\u00a0prevenir la obesidad. Promueve y apoya proyectos que facilitan el acceso a medicamentos esenciales para el tratamiento de la hipertensi\u00f3n e impulsa la formaci\u00f3n de recursos humanos en salud.<\/p><p>La presio\u0301n arterial alta igual o por encima de 140\/90 mmHg es hipertensio\u0301n.<\/p><p>La hipertensio\u0301n es el principal factor de riesgo para muertes por enfermedades cardiovasculares.<\/p><p>Las enfermedades cardiovasculares son la principal causa de muerte en la mayori\u0301a de los pai\u0301ses de las Ame\u0301ricas, y son responsables del 30% de las muertes en la regio\u0301n.<\/p><p>Un alto consumo de sal, bajo consumo de frutas y vegetales, uso nocivo del alcohol e inactividad fi\u0301sica son los principales factores de riesgo para tener hipertensio\u0301n<\/p><p>La presio\u0301n arterial alta combinada con el uso de tabaco, obesidad, diabetes o colesterol alto, aumenta au\u0301n ma\u0301s el riesgo de tener una enfermedad cardiovascular.<\/p><p>A menos el 30% de la poblacio\u0301n de las Ame\u0301ricas tiene presio\u0301n arterial alta, y en algunos pai\u0301ses ese porcentaje llega hasta el 48%.<\/p><p>Las personas con menos recursos socioecono\u0301micos tienden a tener ma\u0301s riesgo de padecer enfermedades cardi\u0301acas y accidentes cerebrovasculares, y tienen menos acceso a la prevencio\u0301n o al tratamiento.<\/p><p>Cada an\u0303o, millones de personas caen en la pobreza como resultado de los gastos en servicios de salud, vinculados a las complicaciones que les genera la hipertensio\u0301n.<\/p><p>La reduccio\u0301n del consumo de sal a nivel de la poblacio\u0301n es la intervencio\u0301n ma\u0301s costo- efectiva en salud pu\u0301blica para reducir la hipertensio\u0301n.<\/p><p>La reduccio\u0301n de la sal combinada con una reduccio\u0301n en el consume de tabaco podri\u0301a prevenir un estimado de 3,5 millones de muertes en las Ame\u0301ricas en los pro\u0301ximos diez an\u0303os.<\/p>\t\t\t\t\t\t<\/div>\n\t\t\t\t<\/div>\n\t\t\t\t<\/div>\n\t\t\t\t<\/div>\n\t\t","protected":false},"excerpt":{"rendered":"<p>Hipertensi\u00f3n Arterial La hipertensi\u00f3n es el principal factor de riesgo para sufrir una enfermedad cardiovascular. Cada a\u00f1o ocurren\u00a01.6 millones de muertes por enfermedades cardiovasculares en la regi\u00f3n de las Am\u00e9ricas, de las cuales alrededor de medio mill\u00f3n son personas menores de 70 a\u00f1os, lo cual se considera una muerte prematura y evitable. La\u00a0hipertensi\u00f3n afecta entre&#8230;<\/p>\n","protected":false},"author":2,"featured_media":0,"parent":0,"menu_order":0,"comment_status":"closed","ping_status":"closed","template":"","meta":{"_kad_post_transparent":"","_kad_post_title":"hide","_kad_post_layout":"fullwidth","_kad_post_sidebar_id":"","_kad_post_content_style":"unboxed","_kad_post_vertical_padding":"hide","_kad_post_feature":"hide","_kad_post_feature_position":"","_kad_post_header":false,"_kad_post_footer":false,"footnotes":""},"_links":{"self":[{"href":"https:\/\/ajuprec.org\/index.php\/wp-json\/wp\/v2\/pages\/430"}],"collection":[{"href":"https:\/\/ajuprec.org\/index.php\/wp-json\/wp\/v2\/pages"}],"about":[{"href":"https:\/\/ajuprec.org\/index.php\/wp-json\/wp\/v2\/types\/page"}],"author":[{"embeddable":true,"href":"https:\/\/ajuprec.org\/index.php\/wp-json\/wp\/v2\/users\/2"}],"replies":[{"embeddable":true,"href":"https:\/\/ajuprec.org\/index.php\/wp-json\/wp\/v2\/comments?post=430"}],"version-history":[{"count":7,"href":"https:\/\/ajuprec.org\/index.php\/wp-json\/wp\/v2\/pages\/430\/revisions"}],"predecessor-version":[{"id":497,"href":"https:\/\/ajuprec.org\/index.php\/wp-json\/wp\/v2\/pages\/430\/revisions\/497"}],"wp:attachment":[{"href":"https:\/\/ajuprec.org\/index.php\/wp-json\/wp\/v2\/media?parent=430"}],"curies":[{"name":"wp","href":"https:\/\/api.w.org\/{rel}","templated":true}]}}