{"id":466,"date":"2024-03-21T16:41:00","date_gmt":"2024-03-21T15:41:00","guid":{"rendered":"https:\/\/ajuprec.org\/?page_id=466"},"modified":"2024-03-21T16:42:09","modified_gmt":"2024-03-21T15:42:09","slug":"tratamientos","status":"publish","type":"page","link":"https:\/\/ajuprec.org\/index.php\/tratamientos\/","title":{"rendered":"Tratamientos"},"content":{"rendered":"\t\t<div data-elementor-type=\"wp-page\" data-elementor-id=\"466\" class=\"elementor elementor-466\">\n\t\t\t\t<div class=\"elementor-element elementor-element-59fa2c1 e-con-full e-flex e-con e-parent\" data-id=\"59fa2c1\" data-element_type=\"container\" data-settings=\"{&quot;content_width&quot;:&quot;full&quot;,&quot;background_background&quot;:&quot;classic&quot;}\" data-core-v316-plus=\"true\">\n\t\t\t\t<\/div>\n\t\t<div class=\"elementor-element elementor-element-8bce2c3 e-con-full e-flex e-con e-parent\" data-id=\"8bce2c3\" data-element_type=\"container\" data-settings=\"{&quot;content_width&quot;:&quot;full&quot;}\" data-core-v316-plus=\"true\">\n\t\t\t\t<div class=\"elementor-element elementor-element-df33b80 elementor-widget elementor-widget-heading\" data-id=\"df33b80\" data-element_type=\"widget\" data-widget_type=\"heading.default\">\n\t\t\t\t<div class=\"elementor-widget-container\">\n\t\t\t<style>\/*! elementor - v3.19.0 - 28-02-2024 *\/\n.elementor-heading-title{padding:0;margin:0;line-height:1}.elementor-widget-heading .elementor-heading-title[class*=elementor-size-]>a{color:inherit;font-size:inherit;line-height:inherit}.elementor-widget-heading .elementor-heading-title.elementor-size-small{font-size:15px}.elementor-widget-heading .elementor-heading-title.elementor-size-medium{font-size:19px}.elementor-widget-heading .elementor-heading-title.elementor-size-large{font-size:29px}.elementor-widget-heading .elementor-heading-title.elementor-size-xl{font-size:39px}.elementor-widget-heading .elementor-heading-title.elementor-size-xxl{font-size:59px}<\/style><h2 class=\"elementor-heading-title elementor-size-default\">Tratamientos<\/h2>\t\t<\/div>\n\t\t\t\t<\/div>\n\t\t\t\t<div class=\"elementor-element elementor-element-28d8cda elementor-widget elementor-widget-text-editor\" data-id=\"28d8cda\" data-element_type=\"widget\" data-widget_type=\"text-editor.default\">\n\t\t\t\t<div class=\"elementor-widget-container\">\n\t\t\t<style>\/*! elementor - v3.19.0 - 28-02-2024 *\/\n.elementor-widget-text-editor.elementor-drop-cap-view-stacked .elementor-drop-cap{background-color:#69727d;color:#fff}.elementor-widget-text-editor.elementor-drop-cap-view-framed .elementor-drop-cap{color:#69727d;border:3px solid;background-color:transparent}.elementor-widget-text-editor:not(.elementor-drop-cap-view-default) .elementor-drop-cap{margin-top:8px}.elementor-widget-text-editor:not(.elementor-drop-cap-view-default) .elementor-drop-cap-letter{width:1em;height:1em}.elementor-widget-text-editor .elementor-drop-cap{float:left;text-align:center;line-height:1;font-size:50px}.elementor-widget-text-editor .elementor-drop-cap-letter{display:inline-block}<\/style>\t\t\t\t<p><strong>ALOPATICOS<\/strong>:<\/p><ol><li>Uso y recomendaci\u00f3n de sus medicamentos seg\u00fan patolog\u00edas y complicaciones<\/li><li>Prevenci\u00f3n y curaci\u00f3n de pacientes seg\u00fan patolog\u00eda<\/li><li>Intervenciones quir\u00fargicas en patolog\u00eda infecciosa para pie diab\u00e9tico, isqu\u00e9mico, abscesos, insuficiencia vascular perif\u00e9rica venosa, etc\u2026<\/li><li>Intervenciones quir\u00fargicas electivas en pacientes con Enfermedades cr\u00f3nicas no trasmisibles<\/li><li>Diagn\u00f3stico Vascular por Doppler arterial o venoso y\/o Arteriograf\u00eda<\/li><li>Terap\u00e9utica endovascular<\/li><li>Adecuaciones de mu\u00f1\u00f3n para pr\u00f3tesis<\/li><li>Antibi\u00f3ticoterapia para pacientes<\/li><li>Manejo hol\u00edstico del estilo de vida<\/li><li>Consejer\u00eda nutricional<\/li><li>Consejer\u00eda y apoyo psicol\u00f3gico con intervenciones con Terapia cognitivo-conductual<\/li><li>Intervenciones por trabajo social<\/li><li>Controles m\u00e9dicos rutinarios<\/li><li>Rehabilitaci\u00f3n muscular de los pacientes por patolog\u00eda<\/li><li>Laboratorios rutinarios<\/li><li>Terapia con prebi\u00f3ticos y probi\u00f3ticos comerciales y naturales<\/li><li>Consejer\u00eda de<\/li><\/ol><p><strong>HOMEOP\u00c1TICOS:<\/strong><\/p><ol><li>Diagn\u00f3stico estructural para evaluar limitaciones metab\u00f3licas<\/li><li>Tratamientos seg\u00fan patolog\u00eda, como:<ul><li>\u00bfQuelaci\u00f3n intravenosa<\/li><li>Sueroterapia con Vitamina C<\/li><li>Sueroterapia multivitam\u00ednica<\/li><li>Terapias con corriente Galv\u00e1nica<\/li><li>Ozonoterapia<\/li><li>Terapias con Tera Hertz<\/li><li>Terap\u00e9utica Homeop\u00e1tica<\/li><li>Terapia Neural<\/li><li>Digitopuntura y Acupuntura<\/li><li>Reflexolog\u00eda<\/li><li>Terapias Hemotoxicol\u00f3gicas<\/li><li>Tratamientos con Plasma Rico en Plaquetas y Autohemoterapia<\/li><li>Terapias con Flores de Bach<\/li><\/ul><\/li><\/ol>\t\t\t\t\t\t<\/div>\n\t\t\t\t<\/div>\n\t\t\t\t<\/div>\n\t\t\t\t<\/div>\n\t\t","protected":false},"excerpt":{"rendered":"<p>Tratamientos ALOPATICOS: Uso y recomendaci\u00f3n de sus medicamentos seg\u00fan patolog\u00edas y complicaciones Prevenci\u00f3n y curaci\u00f3n de pacientes seg\u00fan patolog\u00eda Intervenciones quir\u00fargicas en patolog\u00eda infecciosa para pie diab\u00e9tico, isqu\u00e9mico, abscesos, insuficiencia vascular perif\u00e9rica venosa, etc\u2026 Intervenciones quir\u00fargicas electivas en pacientes con Enfermedades cr\u00f3nicas no trasmisibles Diagn\u00f3stico Vascular por Doppler arterial o venoso y\/o Arteriograf\u00eda Terap\u00e9utica endovascular&#8230;<\/p>\n","protected":false},"author":2,"featured_media":0,"parent":0,"menu_order":0,"comment_status":"closed","ping_status":"closed","template":"","meta":{"_kad_post_transparent":"","_kad_post_title":"hide","_kad_post_layout":"fullwidth","_kad_post_sidebar_id":"","_kad_post_content_style":"unboxed","_kad_post_vertical_padding":"hide","_kad_post_feature":"hide","_kad_post_feature_position":"","_kad_post_header":false,"_kad_post_footer":false,"footnotes":""},"_links":{"self":[{"href":"https:\/\/ajuprec.org\/index.php\/wp-json\/wp\/v2\/pages\/466"}],"collection":[{"href":"https:\/\/ajuprec.org\/index.php\/wp-json\/wp\/v2\/pages"}],"about":[{"href":"https:\/\/ajuprec.org\/index.php\/wp-json\/wp\/v2\/types\/page"}],"author":[{"embeddable":true,"href":"https:\/\/ajuprec.org\/index.php\/wp-json\/wp\/v2\/users\/2"}],"replies":[{"embeddable":true,"href":"https:\/\/ajuprec.org\/index.php\/wp-json\/wp\/v2\/comments?post=466"}],"version-history":[{"count":10,"href":"https:\/\/ajuprec.org\/index.php\/wp-json\/wp\/v2\/pages\/466\/revisions"}],"predecessor-version":[{"id":476,"href":"https:\/\/ajuprec.org\/index.php\/wp-json\/wp\/v2\/pages\/466\/revisions\/476"}],"wp:attachment":[{"href":"https:\/\/ajuprec.org\/index.php\/wp-json\/wp\/v2\/media?parent=466"}],"curies":[{"name":"wp","href":"https:\/\/api.w.org\/{rel}","templated":true}]}}