{"id":479,"date":"2024-03-21T16:52:16","date_gmt":"2024-03-21T15:52:16","guid":{"rendered":"https:\/\/ajuprec.org\/?page_id=479"},"modified":"2024-03-21T17:22:58","modified_gmt":"2024-03-21T16:22:58","slug":"criterios-de-inclusion","status":"publish","type":"page","link":"https:\/\/ajuprec.org\/index.php\/criterios-de-inclusion\/","title":{"rendered":"Criterios de Inclusi\u00f3n"},"content":{"rendered":"\t\t<div data-elementor-type=\"wp-page\" data-elementor-id=\"479\" class=\"elementor elementor-479\">\n\t\t\t\t<div class=\"elementor-element elementor-element-59fa2c1 e-con-full e-flex e-con e-parent\" data-id=\"59fa2c1\" data-element_type=\"container\" data-settings=\"{&quot;content_width&quot;:&quot;full&quot;,&quot;background_background&quot;:&quot;classic&quot;}\" data-core-v316-plus=\"true\">\n\t\t\t\t<\/div>\n\t\t<div class=\"elementor-element elementor-element-8bce2c3 e-con-full e-flex e-con e-parent\" data-id=\"8bce2c3\" data-element_type=\"container\" data-settings=\"{&quot;content_width&quot;:&quot;full&quot;}\" data-core-v316-plus=\"true\">\n\t\t\t\t<div class=\"elementor-element elementor-element-df33b80 elementor-widget elementor-widget-heading\" data-id=\"df33b80\" data-element_type=\"widget\" data-widget_type=\"heading.default\">\n\t\t\t\t<div class=\"elementor-widget-container\">\n\t\t\t<style>\/*! elementor - v3.19.0 - 28-02-2024 *\/\n.elementor-heading-title{padding:0;margin:0;line-height:1}.elementor-widget-heading .elementor-heading-title[class*=elementor-size-]>a{color:inherit;font-size:inherit;line-height:inherit}.elementor-widget-heading .elementor-heading-title.elementor-size-small{font-size:15px}.elementor-widget-heading .elementor-heading-title.elementor-size-medium{font-size:19px}.elementor-widget-heading .elementor-heading-title.elementor-size-large{font-size:29px}.elementor-widget-heading .elementor-heading-title.elementor-size-xl{font-size:39px}.elementor-widget-heading .elementor-heading-title.elementor-size-xxl{font-size:59px}<\/style><h2 class=\"elementor-heading-title elementor-size-default\">Criterios de Inclusi\u00f3n<\/h2>\t\t<\/div>\n\t\t\t\t<\/div>\n\t\t\t\t<div class=\"elementor-element elementor-element-28d8cda elementor-widget elementor-widget-text-editor\" data-id=\"28d8cda\" data-element_type=\"widget\" data-widget_type=\"text-editor.default\">\n\t\t\t\t<div class=\"elementor-widget-container\">\n\t\t\t<style>\/*! elementor - v3.19.0 - 28-02-2024 *\/\n.elementor-widget-text-editor.elementor-drop-cap-view-stacked .elementor-drop-cap{background-color:#69727d;color:#fff}.elementor-widget-text-editor.elementor-drop-cap-view-framed .elementor-drop-cap{color:#69727d;border:3px solid;background-color:transparent}.elementor-widget-text-editor:not(.elementor-drop-cap-view-default) .elementor-drop-cap{margin-top:8px}.elementor-widget-text-editor:not(.elementor-drop-cap-view-default) .elementor-drop-cap-letter{width:1em;height:1em}.elementor-widget-text-editor .elementor-drop-cap{float:left;text-align:center;line-height:1;font-size:50px}.elementor-widget-text-editor .elementor-drop-cap-letter{display:inline-block}<\/style>\t\t\t\t<p><strong><u>Diabetes Mellitus<\/u><\/strong><\/p>\n<ul>\n<li>Diabetes descompensada asociada a lipodistrofia, h\u00edgado graso y resistencia a la insulina al mismo tiempo.<\/li>\n<li>Diabetes severa por resistencia a la insulina.<\/li>\n<li>Triglic\u00e9ridos &gt; o = 200&nbsp; &nbsp; &nbsp; &nbsp; &nbsp; &nbsp; -HbA1c&gt; o =8%<br>Glc en ayunas &gt; o = 150 mg\/dl.<\/li>\n<li>Presencia de complicaciones microvasculares de diabetes&nbsp; &nbsp; &nbsp; &nbsp; &nbsp; <br>&#8211; Neuropat\u00eda<br>&#8211; Nefropat\u00eda<br>&#8211; Retinopat\u00eda&nbsp; &nbsp;<br>&#8211; Insuficiencia vascular perif\u00e9rica<br>&#8211; Pie diab\u00e9tico cualquier grado seg\u00fan estadio de Wagner<br>&#8211; Dificultades para conseguir o manejar sus medicamentos.<br>&#8211; Bajos recursos econ\u00f3micos.<\/li>\n<\/ul>\n<p><strong><u>Hipertensi\u00f3n Arterial<\/u><\/strong><\/p>\n<ul>\n<li>Padecer comorbilidades como dislipidemia, obesidad y\/o diabetes mellitus.<\/li>\n<li>Pacientes hipertensos que deban utilizar medicamentos que aumenten la presi\u00f3n arterial.<\/li>\n<li>Pacientes con presi\u00f3n arterial sist\u00f3lica &gt; o = a 160 mmHg y\/o presi\u00f3n arterial diast\u00f3lica &gt; o = a 100 mmHg.<\/li>\n<li>Presencia de complicaciones de hipertensi\u00f3n como insuficiencia renal cr\u00f3nica, status post enfermedad cerebrovascular y\/o cardiaca<\/li>\n<\/ul>\n<p><strong><u>Insuficiencia Vascular Perif\u00e9rica<\/u><\/strong><\/p>\n<ul>\n<li>Claudicaci\u00f3n intermitente.<\/li>\n<li>\u00dalceras vasculares de dif\u00edcil cicatrizaci\u00f3n.<\/li>\n<li>Presencia de comorbilidades agravantes como diabetes mellitus, hipertensi\u00f3n arterial, dislipidemia, aterosclerosis.<\/li>\n<li>Complicaciones como trombosis venosa, flebitis y v\u00e1rices.<\/li>\n<\/ul>\n<p><strong><u>Obesidad<\/u><\/strong><\/p>\n<ul>\n<li>\u00cdndice de masa corporal&gt; o = 35 (Obesidad Grado 2)<\/li>\n<\/ul>\n<p><strong><u>Dislipidemia y Aterosclerosis<\/u><\/strong><\/p>\n<ul>\n<li>Presencia de comorbilidades agravantes como diabetes mellitus, hipertensi\u00f3n arterial, insuficiencia vascular, enfermedad renal cr\u00f3nica.<\/li>\n<li>Personas con enfermedad cardiovascular.<\/li>\n<li>Personas con riesgo cardiovascular SCORE&gt; o = 5%.<\/li>\n<\/ul>\n<p><strong><u>ULCERAS DE DEC\u00daBITO<\/u><\/strong><\/p>\n<ul>\n<li>Todo Paciente con \u00falcera de dec\u00fabito (desde grado 3)<\/li>\n<\/ul>\t\t\t\t\t\t<\/div>\n\t\t\t\t<\/div>\n\t\t\t\t<\/div>\n\t\t\t\t<\/div>\n\t\t","protected":false},"excerpt":{"rendered":"<p>Criterios de Inclusi\u00f3n Diabetes Mellitus Diabetes descompensada asociada a lipodistrofia, h\u00edgado graso y resistencia a la insulina al mismo tiempo. Diabetes severa por resistencia a la insulina. Triglic\u00e9ridos &gt; o = 200&nbsp; &nbsp; &nbsp; &nbsp; &nbsp; &nbsp; -HbA1c&gt; o =8%Glc en ayunas &gt; o = 150 mg\/dl. Presencia de complicaciones microvasculares de diabetes&nbsp; &nbsp; &nbsp;&#8230;<\/p>\n","protected":false},"author":2,"featured_media":0,"parent":0,"menu_order":0,"comment_status":"closed","ping_status":"closed","template":"","meta":{"_kad_post_transparent":"","_kad_post_title":"hide","_kad_post_layout":"fullwidth","_kad_post_sidebar_id":"","_kad_post_content_style":"unboxed","_kad_post_vertical_padding":"hide","_kad_post_feature":"hide","_kad_post_feature_position":"","_kad_post_header":false,"_kad_post_footer":false,"footnotes":""},"_links":{"self":[{"href":"https:\/\/ajuprec.org\/index.php\/wp-json\/wp\/v2\/pages\/479"}],"collection":[{"href":"https:\/\/ajuprec.org\/index.php\/wp-json\/wp\/v2\/pages"}],"about":[{"href":"https:\/\/ajuprec.org\/index.php\/wp-json\/wp\/v2\/types\/page"}],"author":[{"embeddable":true,"href":"https:\/\/ajuprec.org\/index.php\/wp-json\/wp\/v2\/users\/2"}],"replies":[{"embeddable":true,"href":"https:\/\/ajuprec.org\/index.php\/wp-json\/wp\/v2\/comments?post=479"}],"version-history":[{"count":10,"href":"https:\/\/ajuprec.org\/index.php\/wp-json\/wp\/v2\/pages\/479\/revisions"}],"predecessor-version":[{"id":502,"href":"https:\/\/ajuprec.org\/index.php\/wp-json\/wp\/v2\/pages\/479\/revisions\/502"}],"wp:attachment":[{"href":"https:\/\/ajuprec.org\/index.php\/wp-json\/wp\/v2\/media?parent=479"}],"curies":[{"name":"wp","href":"https:\/\/api.w.org\/{rel}","templated":true}]}}