{"id":57,"date":"2024-02-22T18:45:19","date_gmt":"2024-02-22T17:45:19","guid":{"rendered":"https:\/\/ajuprec.org\/?page_id=57"},"modified":"2024-04-06T03:10:13","modified_gmt":"2024-04-06T01:10:13","slug":"elementor-57","status":"publish","type":"page","link":"https:\/\/ajuprec.org\/","title":{"rendered":"Inicio"},"content":{"rendered":"\t\t<div data-elementor-type=\"wp-post\" data-elementor-id=\"57\" class=\"elementor elementor-57\">\n\t\t\t\t<div class=\"elementor-element elementor-element-5fdcaba e-con-full e-flex e-con e-parent\" data-id=\"5fdcaba\" data-element_type=\"container\" data-settings=\"{&quot;content_width&quot;:&quot;full&quot;,&quot;background_background&quot;:&quot;classic&quot;}\" data-core-v316-plus=\"true\">\n\t\t\t\t<div class=\"elementor-element elementor-element-14e6746 elementor-widget elementor-widget-ucaddon_uc_slider_image\" data-id=\"14e6746\" data-element_type=\"widget\" data-widget_type=\"ucaddon_uc_slider_image.default\">\n\t\t\t\t<div class=\"elementor-widget-container\">\n\t\t\t<!-- start Slider Gallery -->\n\t\t<link id='unitegallery-css' href='https:\/\/ajuprec.org\/wp-content\/plugins\/unlimited-elements-for-elementor\/assets_libraries\/unitegallery\/css\/unite-gallery.css' type='text\/css' rel='stylesheet' >\n\n\t\t\t<style type=\"text\/css\">\/* widget: Slider Gallery *\/\n\n#uc_uc_slider_image_elementor_14e6746\n{\n  overflow:hidden;\n}\n\n#uc_uc_slider_image_elementor_14e6746-wrapper\n{\n  min-height:1px;\n}\n\n<\/style>\n\n\t\t\t<div id=\"uc_uc_slider_image_elementor_14e6746-wrapper\">\n<div id=\"uc_uc_slider_image_elementor_14e6746\" class=\"uc-items-wrapper  \" style=\"display:none; margin:0 auto;\"  data-remote-type=\"gallery\" data-custom-sethtml=\"true\" >\n\n\n<img decoding=\"async\" alt=\"sanlorenzo1\"\n   src=\"https:\/\/ajuprec.org\/wp-content\/uploads\/2024\/02\/sanlorenzo1.jpg\"\n    data-image=\"https:\/\/ajuprec.org\/wp-content\/uploads\/2024\/02\/sanlorenzo1.jpg\"\n    data-title=\"sanlorenzo1\">\n\n<img decoding=\"async\" alt=\"slider001\"\n   src=\"https:\/\/ajuprec.org\/wp-content\/uploads\/2024\/02\/slider001.jpg\"\n    data-image=\"https:\/\/ajuprec.org\/wp-content\/uploads\/2024\/02\/slider001.jpg\"\n    data-title=\"slider001\">\n\n<img decoding=\"async\" alt=\"colonslider01\"\n   src=\"https:\/\/ajuprec.org\/wp-content\/uploads\/2024\/02\/colonslider01.jpg\"\n    data-image=\"https:\/\/ajuprec.org\/wp-content\/uploads\/2024\/02\/colonslider01.jpg\"\n    data-title=\"colonslider01\">\n\n<img decoding=\"async\" alt=\"canal\"\n   src=\"https:\/\/ajuprec.org\/wp-content\/uploads\/2024\/02\/canal.jpg\"\n    data-image=\"https:\/\/ajuprec.org\/wp-content\/uploads\/2024\/02\/canal.jpg\"\n    data-title=\"canal\">\n\n<img decoding=\"async\" alt=\"panamaviejo1\"\n   src=\"https:\/\/ajuprec.org\/wp-content\/uploads\/2024\/02\/panamaviejo1.jpg\"\n    data-image=\"https:\/\/ajuprec.org\/wp-content\/uploads\/2024\/02\/panamaviejo1.jpg\"\n    data-title=\"panamaviejo1\">\n\n<img decoding=\"async\" alt=\"darien\"\n   src=\"https:\/\/ajuprec.org\/wp-content\/uploads\/2024\/04\/darien.jpg\"\n    data-image=\"https:\/\/ajuprec.org\/wp-content\/uploads\/2024\/04\/darien.jpg\"\n    data-title=\"darien\">\n\n  \n<\/div>\n<\/div>\n\t\t\t<!-- end Slider Gallery -->\t\t<\/div>\n\t\t\t\t<\/div>\n\t\t\t\t<\/div>\n\t\t<div class=\"elementor-element elementor-element-e9a773e e-flex e-con-boxed elementor-invisible e-con e-parent\" data-id=\"e9a773e\" data-element_type=\"container\" data-settings=\"{&quot;animation&quot;:&quot;fadeIn&quot;,&quot;content_width&quot;:&quot;boxed&quot;}\" data-core-v316-plus=\"true\">\n\t\t\t\t\t<div class=\"e-con-inner\">\n\t\t\t\t<div class=\"elementor-element elementor-element-e063bc1 animated-slow elementor-invisible elementor-widget elementor-widget-heading\" data-id=\"e063bc1\" data-element_type=\"widget\" data-settings=\"{&quot;_animation&quot;:&quot;fadeInDown&quot;}\" data-widget_type=\"heading.default\">\n\t\t\t\t<div class=\"elementor-widget-container\">\n\t\t\t<style>\/*! elementor - v3.19.0 - 28-02-2024 *\/\n.elementor-heading-title{padding:0;margin:0;line-height:1}.elementor-widget-heading .elementor-heading-title[class*=elementor-size-]>a{color:inherit;font-size:inherit;line-height:inherit}.elementor-widget-heading .elementor-heading-title.elementor-size-small{font-size:15px}.elementor-widget-heading .elementor-heading-title.elementor-size-medium{font-size:19px}.elementor-widget-heading .elementor-heading-title.elementor-size-large{font-size:29px}.elementor-widget-heading .elementor-heading-title.elementor-size-xl{font-size:39px}.elementor-widget-heading .elementor-heading-title.elementor-size-xxl{font-size:59px}<\/style><h2 class=\"elementor-heading-title elementor-size-default\">Bienvenidos a Ajuprec, donde celebramos la vida y la salud.<\/h2>\t\t<\/div>\n\t\t\t\t<\/div>\n\t\t\t\t\t<\/div>\n\t\t\t\t<\/div>\n\t\t<div class=\"elementor-element elementor-element-81c79d1 animated-slow e-flex e-con-boxed elementor-invisible e-con e-parent\" data-id=\"81c79d1\" data-element_type=\"container\" data-settings=\"{&quot;animation&quot;:&quot;slideInUp&quot;,&quot;content_width&quot;:&quot;boxed&quot;}\" data-core-v316-plus=\"true\">\n\t\t\t\t\t<div class=\"e-con-inner\">\n\t\t<div class=\"elementor-element elementor-element-ef44db2 e-con-full e-flex e-con e-child\" data-id=\"ef44db2\" data-element_type=\"container\" data-settings=\"{&quot;content_width&quot;:&quot;full&quot;}\">\n\t\t\t\t<div class=\"elementor-element elementor-element-d31b45b elementor-widget elementor-widget-text-editor\" data-id=\"d31b45b\" data-element_type=\"widget\" data-widget_type=\"text-editor.default\">\n\t\t\t\t<div class=\"elementor-widget-container\">\n\t\t\t<style>\/*! elementor - v3.19.0 - 28-02-2024 *\/\n.elementor-widget-text-editor.elementor-drop-cap-view-stacked .elementor-drop-cap{background-color:#69727d;color:#fff}.elementor-widget-text-editor.elementor-drop-cap-view-framed .elementor-drop-cap{color:#69727d;border:3px solid;background-color:transparent}.elementor-widget-text-editor:not(.elementor-drop-cap-view-default) .elementor-drop-cap{margin-top:8px}.elementor-widget-text-editor:not(.elementor-drop-cap-view-default) .elementor-drop-cap-letter{width:1em;height:1em}.elementor-widget-text-editor .elementor-drop-cap{float:left;text-align:center;line-height:1;font-size:50px}.elementor-widget-text-editor .elementor-drop-cap-letter{display:inline-block}<\/style>\t\t\t\t<p><span style=\"color: #000000;\"><strong>Asociaci\u00f3n Juvenil Pro Rescate de la Comunidad<\/strong><\/span><\/p><p>Bienvenidos a nuestra sociedad sin fines de lucro dedicada a ayudar a pacientes diab\u00e9ticos, hipertensos, dislipid\u00e9micos, con insuficiencia vascular perif\u00e9rica y sus secuelas. Nuestro objetivo principal es mejorar la calidad de vida de la poblaci\u00f3n de Col\u00f3n que se encuentra afectada por estas enfermedades cr\u00f3nicas no transmisibles que representan un riesgo para la salud inminente.<\/p>\t\t\t\t\t\t<\/div>\n\t\t\t\t<\/div>\n\t\t\t\t<\/div>\n\t\t<div class=\"elementor-element elementor-element-709c623 e-con-full e-flex e-con e-child\" data-id=\"709c623\" data-element_type=\"container\" data-settings=\"{&quot;content_width&quot;:&quot;full&quot;}\">\n\t\t\t\t<div class=\"elementor-element elementor-element-564531d elementor-widget elementor-widget-text-editor\" data-id=\"564531d\" data-element_type=\"widget\" data-widget_type=\"text-editor.default\">\n\t\t\t\t<div class=\"elementor-widget-container\">\n\t\t\t\t\t\t\t<p><span style=\"color: #000000;\"><strong>\u00bfQu\u00e9 son las enfermedades cr\u00f3nicas no transmisibles?<\/strong><\/span><\/p><p>Las enfermedades cr\u00f3nicas no transmisibles, tambi\u00e9n conocidas como enfermedades cr\u00f3nicas no contagiosas, son aquellas que se desarrollan a lo largo del tiempo y no se transmiten de una persona a otra. Algunos ejemplos de estas enfermedades son la diabetes, la hipertensi\u00f3n, la dislipidemia y la insuficiencia vascular perif\u00e9rica.<\/p>\t\t\t\t\t\t<\/div>\n\t\t\t\t<\/div>\n\t\t\t\t<\/div>\n\t\t\t\t\t<\/div>\n\t\t\t\t<\/div>\n\t\t<div class=\"elementor-element elementor-element-217fc70 animated-slow e-flex e-con-boxed elementor-invisible e-con e-parent\" data-id=\"217fc70\" data-element_type=\"container\" data-settings=\"{&quot;background_background&quot;:&quot;classic&quot;,&quot;animation&quot;:&quot;slideInRight&quot;,&quot;content_width&quot;:&quot;boxed&quot;}\" data-core-v316-plus=\"true\">\n\t\t\t\t\t<div class=\"e-con-inner\">\n\t\t\t\t<div class=\"elementor-element elementor-element-10de019 elementor-widget elementor-widget-heading\" data-id=\"10de019\" data-element_type=\"widget\" data-widget_type=\"heading.default\">\n\t\t\t\t<div class=\"elementor-widget-container\">\n\t\t\t<h2 class=\"elementor-heading-title elementor-size-default\">Mejorando la calidad de vida de la poblaci\u00f3n de Col\u00f3n,  Panam\u00e1 y Dari\u00e9n afectada por enfermedades cr\u00f3nicas no transmisibles<\/h2>\t\t<\/div>\n\t\t\t\t<\/div>\n\t\t\t\t\t<\/div>\n\t\t\t\t<\/div>\n\t\t<div class=\"elementor-element elementor-element-019b522 e-flex e-con-boxed elementor-invisible e-con e-parent\" data-id=\"019b522\" data-element_type=\"container\" data-settings=\"{&quot;animation&quot;:&quot;fadeInUp&quot;,&quot;content_width&quot;:&quot;boxed&quot;}\" data-core-v316-plus=\"true\">\n\t\t\t\t\t<div class=\"e-con-inner\">\n\t\t\t\t<div class=\"elementor-element elementor-element-465f64e elementor-widget elementor-widget-text-editor\" data-id=\"465f64e\" data-element_type=\"widget\" data-widget_type=\"text-editor.default\">\n\t\t\t\t<div class=\"elementor-widget-container\">\n\t\t\t\t\t\t\t<p style=\"text-align: center;\"><strong><br \/><span style=\"color: #000000;\">\u00bfC\u00f3mo puedes ayudar?<\/span><\/strong><\/p><p><img fetchpriority=\"high\" decoding=\"async\" class=\"size-medium wp-image-206 alignleft\" src=\"http:\/\/ajuprec.org\/wp-content\/uploads\/2024\/02\/voluntario-300x216.jpg\" alt=\"\" width=\"300\" height=\"216\" srcset=\"https:\/\/ajuprec.org\/wp-content\/uploads\/2024\/02\/voluntario-300x216.jpg 300w, https:\/\/ajuprec.org\/wp-content\/uploads\/2024\/02\/voluntario.jpg 352w\" sizes=\"(max-width: 300px) 100vw, 300px\" \/>T\u00fa tambi\u00e9n puedes formar parte de nuestra sociedad sin fines de lucro y contribuir a mejorar la calidad de vida de la poblaci\u00f3n de Col\u00f3n afectada por enfermedades cr\u00f3nicas no transmisibles. Puedes colaborar de las siguientes maneras:<\/p><p>Voluntariado: Ofreciendo tu tiempo y habilidades para ayudar a los pacientes y participar en nuestras actividades.<br \/>Donaciones: Contribuyendo econ\u00f3micamente para apoyar nuestros programas y servicios.<br \/>Difusi\u00f3n: Compartiendo informaci\u00f3n sobre nuestra sociedad y promoviendo la conciencia sobre las enfermedades cr\u00f3nicas no transmisibles.<\/p><p>Juntos, podemos marcar la diferencia en la vida de las personas afectadas por estas enfermedades cr\u00f3nicas no transmisibles. \u00danete a nosotros y ay\u00fadanos a mejorar la calidad de vida de la poblaci\u00f3n de Col\u00f3n.<\/p>\t\t\t\t\t\t<\/div>\n\t\t\t\t<\/div>\n\t\t\t\t\t<\/div>\n\t\t\t\t<\/div>\n\t\t\t\t<\/div>\n\t\t","protected":false},"excerpt":{"rendered":"<p>Bienvenidos a Ajuprec, donde celebramos la vida y la salud. Asociaci\u00f3n Juvenil Pro Rescate de la Comunidad Bienvenidos a nuestra sociedad sin fines de lucro dedicada a ayudar a pacientes diab\u00e9ticos, hipertensos, dislipid\u00e9micos, con insuficiencia vascular perif\u00e9rica y sus secuelas. Nuestro objetivo principal es mejorar la calidad de vida de la poblaci\u00f3n de Col\u00f3n que&#8230;<\/p>\n","protected":false},"author":2,"featured_media":0,"parent":0,"menu_order":0,"comment_status":"closed","ping_status":"closed","template":"","meta":{"_kad_post_transparent":"","_kad_post_title":"","_kad_post_layout":"","_kad_post_sidebar_id":"","_kad_post_content_style":"","_kad_post_vertical_padding":"","_kad_post_feature":"","_kad_post_feature_position":"","_kad_post_header":false,"_kad_post_footer":false,"footnotes":""},"_links":{"self":[{"href":"https:\/\/ajuprec.org\/index.php\/wp-json\/wp\/v2\/pages\/57"}],"collection":[{"href":"https:\/\/ajuprec.org\/index.php\/wp-json\/wp\/v2\/pages"}],"about":[{"href":"https:\/\/ajuprec.org\/index.php\/wp-json\/wp\/v2\/types\/page"}],"author":[{"embeddable":true,"href":"https:\/\/ajuprec.org\/index.php\/wp-json\/wp\/v2\/users\/2"}],"replies":[{"embeddable":true,"href":"https:\/\/ajuprec.org\/index.php\/wp-json\/wp\/v2\/comments?post=57"}],"version-history":[{"count":203,"href":"https:\/\/ajuprec.org\/index.php\/wp-json\/wp\/v2\/pages\/57\/revisions"}],"predecessor-version":[{"id":530,"href":"https:\/\/ajuprec.org\/index.php\/wp-json\/wp\/v2\/pages\/57\/revisions\/530"}],"wp:attachment":[{"href":"https:\/\/ajuprec.org\/index.php\/wp-json\/wp\/v2\/media?parent=57"}],"curies":[{"name":"wp","href":"https:\/\/api.w.org\/{rel}","templated":true}]}}